{"id":2,"date":"2011-03-02T22:58:20","date_gmt":"2011-03-02T21:58:20","guid":{"rendered":"http:\/\/jaktbild.se\/?page_id=2"},"modified":"2011-04-06T20:32:31","modified_gmt":"2011-04-06T20:32:31","slug":"about","status":"publish","type":"page","link":"http:\/\/jaktbild.se\/?page_id=2","title":{"rendered":"Vem \u00e4r jag?"},"content":{"rendered":"<p>Jag \u00e4r en trebarnsfar som f\u00f6rs\u00f6ker f\u00e5 tiden att r\u00e4cka till alla m\u00e5sten och allt det roliga h\u00e4r i livet. Med det inte sagt att barnen inte \u00e4r roliga.<\/p>\n<p>Mycket handlar om att f\u00e5 tid till arbete, inte bara det dagliga utan att ocks\u00e5 p\u00e5 olika s\u00e4tt utveckla min verksamhet till nya omr\u00e5den. Som egenf\u00f6retagare f\u00e5r man g\u00f6ra allt vilket \u00e4r b\u00e5de sp\u00e4nnande och roligt.<\/p>\n","protected":false},"excerpt":{"rendered":"<p>Jag \u00e4r en trebarnsfar som f\u00f6rs\u00f6ker f\u00e5 tiden att r\u00e4cka till alla m\u00e5sten och allt det roliga h\u00e4r i livet. Med det inte sagt att barnen inte \u00e4r roliga. Mycket handlar om att f\u00e5 tid till arbete, inte bara det dagliga utan att ocks\u00e5 p\u00e5 olika s\u00e4tt utveckla min verksamhet till nya omr\u00e5den. Som egenf\u00f6retagare [&hellip;]<\/p>\n","protected":false},"author":1,"featured_media":0,"parent":0,"menu_order":0,"comment_status":"open","ping_status":"open","template":"","meta":[],"_links":{"self":[{"href":"http:\/\/jaktbild.se\/index.php?rest_route=\/wp\/v2\/pages\/2"}],"collection":[{"href":"http:\/\/jaktbild.se\/index.php?rest_route=\/wp\/v2\/pages"}],"about":[{"href":"http:\/\/jaktbild.se\/index.php?rest_route=\/wp\/v2\/types\/page"}],"author":[{"embeddable":true,"href":"http:\/\/jaktbild.se\/index.php?rest_route=\/wp\/v2\/users\/1"}],"replies":[{"embeddable":true,"href":"http:\/\/jaktbild.se\/index.php?rest_route=%2Fwp%2Fv2%2Fcomments&post=2"}],"version-history":[{"count":8,"href":"http:\/\/jaktbild.se\/index.php?rest_route=\/wp\/v2\/pages\/2\/revisions"}],"predecessor-version":[{"id":144,"href":"http:\/\/jaktbild.se\/index.php?rest_route=\/wp\/v2\/pages\/2\/revisions\/144"}],"wp:attachment":[{"href":"http:\/\/jaktbild.se\/index.php?rest_route=%2Fwp%2Fv2%2Fmedia&parent=2"}],"curies":[{"name":"wp","href":"https:\/\/api.w.org\/{rel}","templated":true}]}}