{"id":403,"date":"2012-05-14T06:44:33","date_gmt":"2012-05-14T06:44:33","guid":{"rendered":"http:\/\/jaktbild.se\/?page_id=403"},"modified":"2012-05-14T06:47:10","modified_gmt":"2012-05-14T06:47:10","slug":"natur","status":"publish","type":"page","link":"http:\/\/jaktbild.se\/?page_id=403","title":{"rendered":"Natur"},"content":{"rendered":"<p><strong> Filtrera med bildtaggar:<\/strong> <div class=\"ngg-tagcloud\"><a href=\"http:\/\/jaktbild.se\/?page_id=403&#038;gallerytag=amsel\" class=\"tag-cloud-link tag-link-25 tag-link-position-1\" style=\"font-size: 17pt;\" aria-label=\"Amsel (15 objekt)\">Amsel<\/a>\n<a href=\"http:\/\/jaktbild.se\/?page_id=403&#038;gallerytag=artikel\" class=\"tag-cloud-link tag-link-53 tag-link-position-2\" style=\"font-size: 21.1pt;\" aria-label=\"Artikel (40 objekt)\">Artikel<\/a>\n<a href=\"http:\/\/jaktbild.se\/?page_id=403&#038;gallerytag=barn\" class=\"tag-cloud-link tag-link-49 tag-link-position-3\" style=\"font-size: 12pt;\" aria-label=\"barn (4 objekt)\">barn<\/a>\n<a href=\"http:\/\/jaktbild.se\/?page_id=403&#038;gallerytag=brollop\" class=\"tag-cloud-link tag-link-30 tag-link-position-4\" style=\"font-size: 9.8pt;\" aria-label=\"Br\u00f6llop (2 objekt)\">Br\u00f6llop<\/a>\n<a href=\"http:\/\/jaktbild.se\/?page_id=403&#038;gallerytag=camilla\" class=\"tag-cloud-link tag-link-41 tag-link-position-5\" style=\"font-size: 15pt;\" aria-label=\"Camilla (9 objekt)\">Camilla<\/a>\n<a href=\"http:\/\/jaktbild.se\/?page_id=403&#038;gallerytag=fest\" class=\"tag-cloud-link tag-link-31 tag-link-position-6\" style=\"font-size: 9.8pt;\" aria-label=\"fest (2 objekt)\">fest<\/a>\n<a href=\"http:\/\/jaktbild.se\/?page_id=403&#038;gallerytag=finland\" class=\"tag-cloud-link tag-link-15 tag-link-position-7\" style=\"font-size: 8pt;\" aria-label=\"Finland (1 objekt)\">Finland<\/a>\n<a href=\"http:\/\/jaktbild.se\/?page_id=403&#038;gallerytag=fagelhund\" class=\"tag-cloud-link tag-link-55 tag-link-position-8\" style=\"font-size: 12.8pt;\" aria-label=\"f\u00e5gelhund (5 objekt)\">f\u00e5gelhund<\/a>\n<a href=\"http:\/\/jaktbild.se\/?page_id=403&#038;gallerytag=fageljakt\" class=\"tag-cloud-link tag-link-56 tag-link-position-9\" style=\"font-size: 12.8pt;\" aria-label=\"f\u00e5geljakt (5 objekt)\">f\u00e5geljakt<\/a>\n<a href=\"http:\/\/jaktbild.se\/?page_id=403&#038;gallerytag=gasjakt\" class=\"tag-cloud-link tag-link-24 tag-link-position-10\" style=\"font-size: 17pt;\" aria-label=\"G\u00e5sjakt (15 objekt)\">G\u00e5sjakt<\/a>\n<a href=\"http:\/\/jaktbild.se\/?page_id=403&#038;gallerytag=helen\" class=\"tag-cloud-link tag-link-34 tag-link-position-11\" style=\"font-size: 19.1pt;\" aria-label=\"Helen (25 objekt)\">Helen<\/a>\n<a href=\"http:\/\/jaktbild.se\/?page_id=403&#038;gallerytag=henry\" class=\"tag-cloud-link tag-link-35 tag-link-position-12\" style=\"font-size: 19.1pt;\" aria-label=\"Henry (25 objekt)\">Henry<\/a>\n<a href=\"http:\/\/jaktbild.se\/?page_id=403&#038;gallerytag=hunda\" class=\"tag-cloud-link tag-link-26 tag-link-position-13\" style=\"font-size: 16.1pt;\" aria-label=\"Hunda (12 objekt)\">Hunda<\/a>\n<a href=\"http:\/\/jaktbild.se\/?page_id=403&#038;gallerytag=hundar\" class=\"tag-cloud-link tag-link-6 tag-link-position-14\" style=\"font-size: 18.8pt;\" aria-label=\"Hundar (23 objekt)\">Hundar<\/a>\n<a href=\"http:\/\/jaktbild.se\/?page_id=403&#038;gallerytag=hundbus\" class=\"tag-cloud-link tag-link-27 tag-link-position-15\" style=\"font-size: 17pt;\" aria-label=\"hundbus (15 objekt)\">hundbus<\/a>\n<a href=\"http:\/\/jaktbild.se\/?page_id=403&#038;gallerytag=host\" class=\"tag-cloud-link tag-link-16 tag-link-position-16\" style=\"font-size: 21.6pt;\" aria-label=\"H\u00f6st (45 objekt)\">H\u00f6st<\/a>\n<a href=\"http:\/\/jaktbild.se\/?page_id=403&#038;gallerytag=jakt\" class=\"tag-cloud-link tag-link-17 tag-link-position-17\" style=\"font-size: 12.8pt;\" aria-label=\"Jakt (5 objekt)\">Jakt<\/a>\n<a href=\"http:\/\/jaktbild.se\/?page_id=403&#038;gallerytag=jaktslakt\" class=\"tag-cloud-link tag-link-50 tag-link-position-18\" style=\"font-size: 12pt;\" aria-label=\"jaktslakt (4 objekt)\">jaktslakt<\/a>\n<a href=\"http:\/\/jaktbild.se\/?page_id=403&#038;gallerytag=jagare\" class=\"tag-cloud-link tag-link-18 tag-link-position-19\" style=\"font-size: 8pt;\" aria-label=\"J\u00e4gare (1 objekt)\">J\u00e4gare<\/a>\n<a href=\"http:\/\/jaktbild.se\/?page_id=403&#038;gallerytag=jagarportratt\" class=\"tag-cloud-link tag-link-44 tag-link-position-20\" style=\"font-size: 8pt;\" aria-label=\"j\u00e4garportr\u00e4tt (1 objekt)\">j\u00e4garportr\u00e4tt<\/a>\n<a href=\"http:\/\/jaktbild.se\/?page_id=403&#038;gallerytag=jamthund\" class=\"tag-cloud-link tag-link-43 tag-link-position-21\" style=\"font-size: 12.8pt;\" aria-label=\"J\u00e4mthund (5 objekt)\">J\u00e4mthund<\/a>\n<a href=\"http:\/\/jaktbild.se\/?page_id=403&#038;gallerytag=laika\" class=\"tag-cloud-link tag-link-38 tag-link-position-22\" style=\"font-size: 13.5pt;\" aria-label=\"Laika (6 objekt)\">Laika<\/a>\n<a href=\"http:\/\/jaktbild.se\/?page_id=403&#038;gallerytag=lakka\" class=\"tag-cloud-link tag-link-28 tag-link-position-23\" style=\"font-size: 17.8pt;\" aria-label=\"lakka (18 objekt)\">lakka<\/a>\n<a href=\"http:\/\/jaktbild.se\/?page_id=403&#038;gallerytag=lek\" class=\"tag-cloud-link tag-link-29 tag-link-position-24\" style=\"font-size: 17pt;\" aria-label=\"lek (15 objekt)\">lek<\/a>\n<a href=\"http:\/\/jaktbild.se\/?page_id=403&#038;gallerytag=linus\" class=\"tag-cloud-link tag-link-45 tag-link-position-25\" style=\"font-size: 8pt;\" aria-label=\"Linus (1 objekt)\">Linus<\/a>\n<a href=\"http:\/\/jaktbild.se\/?page_id=403&#038;gallerytag=liselotte\" class=\"tag-cloud-link tag-link-33 tag-link-position-26\" style=\"font-size: 9.8pt;\" aria-label=\"liselotte (2 objekt)\">liselotte<\/a>\n<a href=\"http:\/\/jaktbild.se\/?page_id=403&#038;gallerytag=mike\" class=\"tag-cloud-link tag-link-47 tag-link-position-27\" style=\"font-size: 9.8pt;\" aria-label=\"Mike (2 objekt)\">Mike<\/a>\n<a href=\"http:\/\/jaktbild.se\/?page_id=403&#038;gallerytag=motorsag\" class=\"tag-cloud-link tag-link-48 tag-link-position-28\" style=\"font-size: 9.8pt;\" aria-label=\"motors\u00e5g (2 objekt)\">motors\u00e5g<\/a>\n<a href=\"http:\/\/jaktbild.se\/?page_id=403&#038;gallerytag=munsterlander\" class=\"tag-cloud-link tag-link-40 tag-link-position-29\" style=\"font-size: 9.8pt;\" aria-label=\"M\u00fcnsterl\u00e4nder (2 objekt)\">M\u00fcnsterl\u00e4nder<\/a>\n<a href=\"http:\/\/jaktbild.se\/?page_id=403&#038;gallerytag=nilsson\" class=\"tag-cloud-link tag-link-46 tag-link-position-30\" style=\"font-size: 8pt;\" aria-label=\"Nilsson (1 objekt)\">Nilsson<\/a>\n<a href=\"http:\/\/jaktbild.se\/?page_id=403&#038;gallerytag=pelle\" class=\"tag-cloud-link tag-link-32 tag-link-position-31\" style=\"font-size: 9.8pt;\" aria-label=\"pelle (2 objekt)\">pelle<\/a>\n<a href=\"http:\/\/jaktbild.se\/?page_id=403&#038;gallerytag=portratt\" class=\"tag-cloud-link tag-link-39 tag-link-position-32\" style=\"font-size: 15.8pt;\" aria-label=\"Portr\u00e4tt (11 objekt)\">Portr\u00e4tt<\/a>\n<a href=\"http:\/\/jaktbild.se\/?page_id=403&#038;gallerytag=slakt\" class=\"tag-cloud-link tag-link-51 tag-link-position-33\" style=\"font-size: 12pt;\" aria-label=\"slakt (4 objekt)\">slakt<\/a>\n<a href=\"http:\/\/jaktbild.se\/?page_id=403&#038;gallerytag=vatten\" class=\"tag-cloud-link tag-link-57 tag-link-position-34\" style=\"font-size: 9.8pt;\" aria-label=\"vatten (2 objekt)\">vatten<\/a>\n<a href=\"http:\/\/jaktbild.se\/?page_id=403&#038;gallerytag=viltmastare\" class=\"tag-cloud-link tag-link-54 tag-link-position-35\" style=\"font-size: 9.8pt;\" aria-label=\"viltm\u00e4stare (2 objekt)\">viltm\u00e4stare<\/a>\n<a href=\"http:\/\/jaktbild.se\/?page_id=403&#038;gallerytag=vorsteh\" class=\"tag-cloud-link tag-link-37 tag-link-position-36\" style=\"font-size: 9.8pt;\" aria-label=\"vorsteh (2 objekt)\">vorsteh<\/a>\n<a href=\"http:\/\/jaktbild.se\/?page_id=403&#038;gallerytag=var\" class=\"tag-cloud-link tag-link-42 tag-link-position-37\" style=\"font-size: 22pt;\" aria-label=\"V\u00e5r (49 objekt)\">V\u00e5r<\/a>\n<a href=\"http:\/\/jaktbild.se\/?page_id=403&#038;gallerytag=wachtelhund\" class=\"tag-cloud-link tag-link-58 tag-link-position-38\" style=\"font-size: 9.8pt;\" aria-label=\"wachtelhund (2 objekt)\">wachtelhund<\/a>\n<a href=\"http:\/\/jaktbild.se\/?page_id=403&#038;gallerytag=wedding\" class=\"tag-cloud-link tag-link-36 tag-link-position-39\" style=\"font-size: 19.1pt;\" aria-label=\"Wedding (25 objekt)\">Wedding<\/a>\n<a href=\"http:\/\/jaktbild.se\/?page_id=403&#038;gallerytag=alg\" class=\"tag-cloud-link tag-link-52 tag-link-position-40\" style=\"font-size: 12pt;\" aria-label=\"\u00e4lg (4 objekt)\">\u00e4lg<\/a><\/div><\/p>\n\n<div class=\"ngg-albumoverview\">\n\n\t<!-- List of galleries -->\n\t\n\t<div class=\"ngg-album-compact\">\n\t\t<div class=\"ngg-album-compactbox\">\n\t\t\t<div class=\"ngg-album-link\">\n\t\t\t\t<a class=\"Link\" href=\"http:\/\/jaktbild.se\/?page_id=403&amp;album=6&amp;gallery=37\">\n\t\t\t\t\t<img class=\"Thumb\" alt=\"Landskap 1\" src=\"http:\/\/jaktbild.se\/wp-content\/gallery\/landskap-1\/thumbs\/thumbs_7821_1000w_2.jpg\"\/>\n\t\t\t\t<\/a>\n\t\t\t<\/div>\n\t\t<\/div>\n\t\t<h4><a class=\"ngg-album-desc\" title=\"Landskap 1\" href=\"http:\/\/jaktbild.se\/?page_id=403&amp;album=6&amp;gallery=37\" >Landskap 1<\/a><\/h4>\n\t\t\t\t<p><strong>9<\/strong> Photos<\/p>\n\t\t\t<\/div>\n\n \t\n\t<div class=\"ngg-album-compact\">\n\t\t<div class=\"ngg-album-compactbox\">\n\t\t\t<div class=\"ngg-album-link\">\n\t\t\t\t<a class=\"Link\" href=\"http:\/\/jaktbild.se\/?page_id=403&amp;album=6&amp;gallery=44\">\n\t\t\t\t\t<img class=\"Thumb\" alt=\"Enh\u00f6rna\" src=\"http:\/\/jaktbild.se\/wp-content\/gallery\/enhorna\/thumbs\/thumbs_warm1_1000w.jpg\"\/>\n\t\t\t\t<\/a>\n\t\t\t<\/div>\n\t\t<\/div>\n\t\t<h4><a class=\"ngg-album-desc\" title=\"Enh\u00f6rna\" href=\"http:\/\/jaktbild.se\/?page_id=403&amp;album=6&amp;gallery=44\" >Enh\u00f6rna<\/a><\/h4>\n\t\t\t\t<p><strong>36<\/strong> Photos<\/p>\n\t\t\t<\/div>\n\n \t\n\t<div class=\"ngg-album-compact\">\n\t\t<div class=\"ngg-album-compactbox\">\n\t\t\t<div class=\"ngg-album-link\">\n\t\t\t\t<a class=\"Link\" href=\"http:\/\/jaktbild.se\/?page_id=403&amp;album=6&amp;gallery=63\">\n\t\t\t\t\t<img class=\"Thumb\" alt=\"Iceland Photo Trip September 2015\" src=\"http:\/\/jaktbild.se\/wp-content\/gallery\/iceland-photo-trip-september-2015\/thumbs\/thumbs_d4d_9258_2048.jpg\"\/>\n\t\t\t\t<\/a>\n\t\t\t<\/div>\n\t\t<\/div>\n\t\t<h4><a class=\"ngg-album-desc\" title=\"Iceland Photo Trip September 2015\" href=\"http:\/\/jaktbild.se\/?page_id=403&amp;album=6&amp;gallery=63\" >Iceland Photo Trip September 2015<\/a><\/h4>\n\t\t\t\t<p><strong>47<\/strong> Photos<\/p>\n\t\t\t<\/div>\n\n \t\n\t<div class=\"ngg-album-compact\">\n\t\t<div class=\"ngg-album-compactbox\">\n\t\t\t<div class=\"ngg-album-link\">\n\t\t\t\t<a class=\"Link\" href=\"http:\/\/jaktbild.se\/?page_id=403&amp;album=6&amp;gallery=62\">\n\t\t\t\t\t<img class=\"Thumb\" alt=\"Utst\u00e4llning i S\u00f6dert\u00e4lje stadshus\" src=\"http:\/\/jaktbild.se\/wp-content\/gallery\/utstallning-i-sodertalje-stadshus\/thumbs\/thumbs_hammarby_smedja_1000.jpg\"\/>\n\t\t\t\t<\/a>\n\t\t\t<\/div>\n\t\t<\/div>\n\t\t<h4><a class=\"ngg-album-desc\" title=\"Utst\u00e4llning i S\u00f6dert\u00e4lje stadshus\" href=\"http:\/\/jaktbild.se\/?page_id=403&amp;album=6&amp;gallery=62\" >Utst\u00e4llning i S\u00f6dert\u00e4lje stadshus<\/a><\/h4>\n\t\t\t\t<p><strong>34<\/strong> Photos<\/p>\n\t\t\t<\/div>\n\n \t\n\t<!-- Pagination -->\n \t<div class=\"ngg-clear\"><\/div><\/div>\n\n\n","protected":false},"excerpt":{"rendered":"<p>Filtrera med bildtaggar:<\/p>\n","protected":false},"author":2,"featured_media":0,"parent":0,"menu_order":0,"comment_status":"open","ping_status":"open","template":"","meta":[],"_links":{"self":[{"href":"http:\/\/jaktbild.se\/index.php?rest_route=\/wp\/v2\/pages\/403"}],"collection":[{"href":"http:\/\/jaktbild.se\/index.php?rest_route=\/wp\/v2\/pages"}],"about":[{"href":"http:\/\/jaktbild.se\/index.php?rest_route=\/wp\/v2\/types\/page"}],"author":[{"embeddable":true,"href":"http:\/\/jaktbild.se\/index.php?rest_route=\/wp\/v2\/users\/2"}],"replies":[{"embeddable":true,"href":"http:\/\/jaktbild.se\/index.php?rest_route=%2Fwp%2Fv2%2Fcomments&post=403"}],"version-history":[{"count":3,"href":"http:\/\/jaktbild.se\/index.php?rest_route=\/wp\/v2\/pages\/403\/revisions"}],"predecessor-version":[{"id":406,"href":"http:\/\/jaktbild.se\/index.php?rest_route=\/wp\/v2\/pages\/403\/revisions\/406"}],"wp:attachment":[{"href":"http:\/\/jaktbild.se\/index.php?rest_route=%2Fwp%2Fv2%2Fmedia&parent=403"}],"curies":[{"name":"wp","href":"https:\/\/api.w.org\/{rel}","templated":true}]}}