{"id":7,"date":"2011-03-07T22:19:16","date_gmt":"2011-03-07T22:19:16","guid":{"rendered":"http:\/\/jaktbild.se\/?page_id=7"},"modified":"2011-04-11T08:04:40","modified_gmt":"2011-04-11T08:04:40","slug":"vad-jag-gor","status":"publish","type":"page","link":"http:\/\/jaktbild.se\/?page_id=7","title":{"rendered":"Vad jag g\u00f6r"},"content":{"rendered":"<p>Jag \u00e4r diversearbetaren och entrepen\u00f6ren d\u00e4r fotograferingen \u00e4r en del av det jag g\u00f6r.<\/p>\n<p>Jag tillh\u00f6r det &#8221;fasta&#8221; teamet av frilansare som skriver och fotograferar f\u00f6r tidningen Jaktjornalen. Men jag utf\u00f6r egentligen alla typer av fotografiska uppdrag, redaktionella s\u00e5v\u00e4l som rent fotografiska.<\/p>\n<p>Jag importera och s\u00e4ljer en del jakrelaterade produkter, d\u00e4r varum\u00e4rket Heck-Pack har blivit v\u00e4lk\u00e4nt bland nordiska j\u00e4gare.<\/p>\n<p>Allt har jag samlat under Unicornia Consulting AB. Namnet Unicornia kommer ur min stora sympati f\u00f6r hembygden Enh\u00f6rna.<\/p>\n","protected":false},"excerpt":{"rendered":"<p>Jag \u00e4r diversearbetaren och entrepen\u00f6ren d\u00e4r fotograferingen \u00e4r en del av det jag g\u00f6r. Jag tillh\u00f6r det &#8221;fasta&#8221; teamet av frilansare som skriver och fotograferar f\u00f6r tidningen Jaktjornalen. Men jag utf\u00f6r egentligen alla typer av fotografiska uppdrag, redaktionella s\u00e5v\u00e4l som rent fotografiska. Jag importera och s\u00e4ljer en del jakrelaterade produkter, d\u00e4r varum\u00e4rket Heck-Pack har blivit [&hellip;]<\/p>\n","protected":false},"author":1,"featured_media":0,"parent":0,"menu_order":0,"comment_status":"open","ping_status":"open","template":"","meta":[],"_links":{"self":[{"href":"http:\/\/jaktbild.se\/index.php?rest_route=\/wp\/v2\/pages\/7"}],"collection":[{"href":"http:\/\/jaktbild.se\/index.php?rest_route=\/wp\/v2\/pages"}],"about":[{"href":"http:\/\/jaktbild.se\/index.php?rest_route=\/wp\/v2\/types\/page"}],"author":[{"embeddable":true,"href":"http:\/\/jaktbild.se\/index.php?rest_route=\/wp\/v2\/users\/1"}],"replies":[{"embeddable":true,"href":"http:\/\/jaktbild.se\/index.php?rest_route=%2Fwp%2Fv2%2Fcomments&post=7"}],"version-history":[{"count":9,"href":"http:\/\/jaktbild.se\/index.php?rest_route=\/wp\/v2\/pages\/7\/revisions"}],"predecessor-version":[{"id":137,"href":"http:\/\/jaktbild.se\/index.php?rest_route=\/wp\/v2\/pages\/7\/revisions\/137"}],"wp:attachment":[{"href":"http:\/\/jaktbild.se\/index.php?rest_route=%2Fwp%2Fv2%2Fmedia&parent=7"}],"curies":[{"name":"wp","href":"https:\/\/api.w.org\/{rel}","templated":true}]}}